{"id":134,"date":"2019-05-22T19:21:57","date_gmt":"2019-05-22T19:21:57","guid":{"rendered":"https:\/\/200.wpmaniademos.com\/loan-officer\/?page_id=134"},"modified":"2024-04-15T15:13:18","modified_gmt":"2024-04-15T19:13:18","slug":"disclaimer","status":"publish","type":"page","link":"https:\/\/mariapiaundurraga.com\/en\/disclaimer\/","title":{"rendered":"Responsabilidad"},"content":{"rendered":"<p align=\"justify\">La informaci\u00f3n contenida en este sitio web es solo para fines de informaci\u00f3n general. La informaci\u00f3n la proporciona\u00a0<strong>CrochetDreamers<\/strong>\u00a0y, aunque nos esforzamos por mantener la informaci\u00f3n actualizada y correcta, no hacemos representaciones ni garant\u00edas de ning\u00fan tipo, expresas o impl\u00edcitas, sobre la integridad, precisi\u00f3n, confiabilidad, idoneidad o disponibilidad con respecto al sitio web o la informaci\u00f3n, productos, servicios o gr\u00e1ficos relacionados contenidos en el sitio web para cualquier prop\u00f3sito. Por lo tanto, cualquier confianza que deposite en dicha informaci\u00f3n es estrictamente bajo su propio riesgo.<\/p>\n\n\n<p align=\"justify\">En ning\u00fan caso seremos responsables de ninguna p\u00e9rdida o da\u00f1o, incluidos, entre otros, p\u00e9rdidas o da\u00f1os indirectos o consecuentes, o cualquier p\u00e9rdida o da\u00f1o que surja de la p\u00e9rdida de datos o ganancias que surjan de, o en relaci\u00f3n con, el uso de este sitio web.<\/p>\n\n\n<p align=\"justify\">A trav\u00e9s de este sitio web, puede vincular a otros sitios web que no est\u00e1n bajo el control de <strong>CrochetDreamers<\/strong>. No tenemos control sobre la naturaleza, el contenido y la disponibilidad de esos sitios. La inclusi\u00f3n de cualquier enlace no implica necesariamente una recomendaci\u00f3n ni respalda las opiniones expresadas en ellos.<\/p>\n\n\n<p align=\"justify\">Se hace todo lo posible para mantener el sitio web en funcionamiento sin problemas. Sin embargo, <strong>CrochetDreamers<\/strong>\u00a0no se responsabiliza ni ser\u00e1 responsable de que el sitio web no est\u00e9 disponible temporalmente debido a problemas t\u00e9cnicos que escapan a nuestro control.<\/p>","protected":false},"excerpt":{"rendered":"<p>La informaci\u00f3n contenida en este sitio web es solo para fines de informaci\u00f3n general. La informaci\u00f3n la proporciona\u00a0CrochetDreamers\u00a0y, aunque nos esforzamos por mantener la informaci\u00f3n actualizada y correcta, no hacemos representaciones ni garant\u00edas de ning\u00fan tipo, expresas o impl\u00edcitas, sobre la integridad, precisi\u00f3n, confiabilidad, idoneidad o disponibilidad con respecto al<\/p>","protected":false},"author":1,"featured_media":0,"parent":0,"menu_order":0,"comment_status":"closed","ping_status":"closed","template":"","meta":{"footnotes":""},"class_list":["post-134","page","type-page","status-publish","hentry"],"_links":{"self":[{"href":"https:\/\/mariapiaundurraga.com\/en\/wp-json\/wp\/v2\/pages\/134","targetHints":{"allow":["GET"]}}],"collection":[{"href":"https:\/\/mariapiaundurraga.com\/en\/wp-json\/wp\/v2\/pages"}],"about":[{"href":"https:\/\/mariapiaundurraga.com\/en\/wp-json\/wp\/v2\/types\/page"}],"author":[{"embeddable":true,"href":"https:\/\/mariapiaundurraga.com\/en\/wp-json\/wp\/v2\/users\/1"}],"replies":[{"embeddable":true,"href":"https:\/\/mariapiaundurraga.com\/en\/wp-json\/wp\/v2\/comments?post=134"}],"version-history":[{"count":6,"href":"https:\/\/mariapiaundurraga.com\/en\/wp-json\/wp\/v2\/pages\/134\/revisions"}],"predecessor-version":[{"id":2200,"href":"https:\/\/mariapiaundurraga.com\/en\/wp-json\/wp\/v2\/pages\/134\/revisions\/2200"}],"wp:attachment":[{"href":"https:\/\/mariapiaundurraga.com\/en\/wp-json\/wp\/v2\/media?parent=134"}],"curies":[{"name":"wp","href":"https:\/\/api.w.org\/{rel}","templated":true}]}}