{"id":136,"date":"2019-05-22T19:23:57","date_gmt":"2019-05-22T19:23:57","guid":{"rendered":"https:\/\/200.wpmaniademos.com\/loan-officer\/?page_id=136"},"modified":"2023-08-24T17:25:03","modified_gmt":"2023-08-24T21:25:03","slug":"privacy-policy","status":"publish","type":"page","link":"https:\/\/mariapiaundurraga.com\/en\/privacy-policy\/","title":{"rendered":"Pol\u00edticas de Privacidad"},"content":{"rendered":"<div data-elementor-type=\"wp-page\" data-elementor-id=\"136\" class=\"elementor elementor-136\" data-elementor-post-type=\"page\">\n\t\t\t\t\t\t<section class=\"elementor-section elementor-top-section elementor-element elementor-element-330cccdc elementor-section-boxed elementor-section-height-default elementor-section-height-default\" data-id=\"330cccdc\" data-element_type=\"section\">\n\t\t\t\t\t\t<div class=\"elementor-container elementor-column-gap-default\">\n\t\t\t\t\t<div class=\"elementor-column elementor-col-100 elementor-top-column elementor-element elementor-element-74fc3822\" data-id=\"74fc3822\" data-element_type=\"column\">\n\t\t\t<div class=\"elementor-widget-wrap elementor-element-populated\">\n\t\t\t\t\t\t<div class=\"elementor-element elementor-element-28bef750 elementor-widget elementor-widget-text-editor\" data-id=\"28bef750\" data-element_type=\"widget\" data-widget_type=\"text-editor.default\">\n\t\t\t\t<div class=\"elementor-widget-container\">\n\t\t\t\t\t\t\t\t\t\n<p align=\"justify\">Esta pol\u00edtica de privacidad establece c\u00f3mo\u00a0<strong>CrochetDreamers<\/strong>\u00a0utiliza y protege la informaci\u00f3n que proporciona a\u00a0<strong>CrochetDreamers<\/strong>\u00a0cuando utiliza este sitio web.<\/p>\n\n\n\n<p align=\"justify\"><strong><strong>CrochetDreamers<\/strong><\/strong>\u00a0se compromete a garantizar que su privacidad est\u00e9 protegida. En caso de que le pidamos que proporcione cierta informaci\u00f3n mediante la cual pueda ser identificado al utilizar este sitio web, puede estar seguro de que solo se utilizar\u00e1 de acuerdo con esta declaraci\u00f3n de privacidad.<\/p>\n\n\n\n<p align=\"justify\"><strong><strong><strong>CrochetDreamers<\/strong><\/strong><\/strong>\u00a0puede cambiar esta pol\u00edtica de vez en cuando actualizando esta p\u00e1gina. Debe consultar esta p\u00e1gina de vez en cuando para asegurarse de que est\u00e1 satisfecho con los cambios. Esta pol\u00edtica entra en vigor a partir del\u00a001 de Agosto del 2023. lo que recopilamos<\/p>\n\n\n\n<p align=\"justify\">Podemos recopilar la siguiente informaci\u00f3n:<\/p>\n\n\n\n<ul class=\"wp-block-list\">\n<li>nombre y cargo<\/li>\n\n\n\n<li>informaci\u00f3n de contacto, incluida la direcci\u00f3n de correo electr\u00f3nico<\/li>\n\n\n\n<li>informaci\u00f3n demogr\u00e1fica como c\u00f3digo postal, preferencias e intereses<\/li>\n\n\n\n<li>otra informaci\u00f3n relevante para encuestas de clientes y\/u ofertas<\/li>\n<\/ul>\n\n\n\n<p align=\"justify\"><strong>Qu\u00e9 hacemos con la informaci\u00f3n que recopilamos<\/strong><\/p>\n\n\n\n<p align=\"justify\">Requerimos esta informaci\u00f3n para comprender sus necesidades y brindarle un mejor servicio, y en particular por las siguientes razones:<\/p>\n\n\n\n<ul class=\"wp-block-list\">\n<li>Mantenimiento de registros internos.<\/li>\n\n\n\n<li>Podemos utilizar la informaci\u00f3n para mejorar nuestros productos y servicios.<\/li>\n\n\n\n<li>Es posible que peri\u00f3dicamente enviemos correos electr\u00f3nicos promocionales sobre nuevos productos, ofertas especiales u otra informaci\u00f3n que creemos que puede resultarle interesante utilizando la direcci\u00f3n de correo electr\u00f3nico que nos ha proporcionado.<\/li>\n\n\n\n<li>De vez en cuando, tambi\u00e9n podemos usar su informaci\u00f3n para comunicarnos con usted con fines de investigaci\u00f3n de mercado. Podemos comunicarnos con usted por correo electr\u00f3nico, tel\u00e9fono, fax o correo postal. Podemos utilizar la informaci\u00f3n para personalizar el sitio web de acuerdo con sus intereses.<\/li>\n<\/ul>\n\n\n\n<p align=\"justify\"><strong>Seguridad<\/strong><\/p>\n\n\n\n<p align=\"justify\">Estamos comprometidos a garantizar que su informaci\u00f3n est\u00e9 segura. Para evitar el acceso o la divulgaci\u00f3n no autorizados, hemos implementado procedimientos f\u00edsicos, electr\u00f3nicos y administrativos adecuados para salvaguardar y proteger la informaci\u00f3n que recopilamos en l\u00ednea.<\/p>\n\n\n\n<p align=\"justify\"><strong>C\u00f3mo usamos las cookies<\/strong><\/p>\n\n\n\n<p align=\"justify\">Una cookie es un peque\u00f1o archivo que solicita permiso para colocarse en el disco duro de su computadora. Una vez que acepta, el archivo se agrega y la cookie ayuda a analizar el tr\u00e1fico web o le permite saber cu\u00e1ndo visita un sitio en particular. Las cookies permiten que las aplicaciones web le respondan como individuo. La aplicaci\u00f3n web puede adaptar sus operaciones a sus necesidades, gustos y disgustos al recopilar y recordar informaci\u00f3n sobre sus preferencias.<\/p>\n\n\n\n<p align=\"justify\">Utilizamos cookies de registro de tr\u00e1fico para identificar qu\u00e9 p\u00e1ginas se est\u00e1n utilizando. Esto nos ayuda a analizar datos sobre el tr\u00e1fico de la p\u00e1gina web y mejorar nuestro sitio web para adaptarlo a las necesidades del cliente. Solo usamos esta informaci\u00f3n para fines de an\u00e1lisis estad\u00edstico y luego los datos se eliminan del sistema.<\/p>\n\n\n\n<p align=\"justify\">En general, las cookies nos ayudan a ofrecerle un mejor sitio web, permiti\u00e9ndonos controlar qu\u00e9 p\u00e1ginas encuentra \u00fatiles y cu\u00e1les no. Una cookie de ninguna manera nos da acceso a su computadora ni a ninguna informaci\u00f3n sobre usted, aparte de los datos que elige compartir con nosotros.<\/p>\n\n\n\n<p align=\"justify\">Puede optar por aceptar o rechazar las cookies. La mayor\u00eda de los navegadores web aceptan autom\u00e1ticamente las cookies, pero generalmente puede modificar la configuraci\u00f3n de su navegador para rechazar las cookies si lo prefiere. Esto puede impedirle aprovechar al m\u00e1ximo el sitio web.<\/p>\n\n\n\n<p align=\"justify\"><strong>Enlaces a otros sitios web<\/strong><\/p>\n\n\n\n<p align=\"justify\">Nuestro sitio web puede contener enlaces a otros sitios web de inter\u00e9s. Sin embargo, una vez que haya utilizado estos enlaces para salir de nuestro sitio, debe tener en cuenta que no tenemos ning\u00fan control sobre ese otro sitio web. Por lo tanto, no podemos ser responsables de la protecci\u00f3n y privacidad de cualquier informaci\u00f3n que proporcione mientras visita dichos sitios y dichos sitios no se rigen por esta declaraci\u00f3n de privacidad. Debe tener cuidado y consultar la declaraci\u00f3n de privacidad aplicable al sitio web en cuesti\u00f3n.<\/p>\n\n\n\n<p align=\"justify\"><strong>Controlando su informaci\u00f3n personal<\/strong><\/p>\n\n\n\n<p>Puede optar por restringir la recopilaci\u00f3n o el uso de su informaci\u00f3n personal de las siguientes maneras:<\/p>\n\n\n\n<ul class=\"wp-block-list\">\n<li>cada vez que se le solicite completar un formulario en el sitio web, busque el cuadro en el que puede hacer clic para indicar que no desea que nadie utilice la informaci\u00f3n con fines de marketing directo<\/li>\n\n\n\n<li>Si previamente ha aceptado que usemos su informaci\u00f3n personal para fines de marketing directo, puede cambiar de opini\u00f3n en cualquier momento escribi\u00e9ndonos o envi\u00e1ndonos un correo electr\u00f3nico a <a href=\"mailto:contacto@crochetdreamers.com\" target=\"_blank\" rel=\"noreferrer noopener\">contacto@crochetdreamers.com<\/a><\/li>\n<\/ul>\n\n\n\n<p align=\"justify\">No venderemos, distribuiremos ni arrendaremos su informaci\u00f3n personal a terceros a menos que tengamos su permiso o la ley nos exija hacerlo. Podemos utilizar su informaci\u00f3n personal para enviarle informaci\u00f3n promocional sobre terceros que creemos que puede resultarle interesante si nos dice que desea que esto suceda.<\/p>\n\n\n\n<p align=\"justify\">Puede solicitar detalles de la informaci\u00f3n personal que tenemos sobre usted en virtud de la Ley de Protecci\u00f3n de Datos de 1998. Se pagar\u00e1 una peque\u00f1a tarifa. Si desea una copia de la informaci\u00f3n que tenemos sobre usted, escriba a <a href=\"mailto:contacto@crochetdreamers.com\" target=\"_blank\" rel=\"noreferrer noopener\">contacto@crochetdreamers.com<\/a>.<\/p>\n\n\n\n<p align=\"justify\">Si cree que la informaci\u00f3n que tenemos sobre usted es incorrecta o est\u00e1 incompleta, escr\u00edbanos o env\u00edenos un correo electr\u00f3nico lo antes posible a la direcci\u00f3n anterior. Corregiremos de inmediato cualquier informaci\u00f3n que se encuentre incorrecta.<\/p>\n\t\t\t\t\t\t\t\t<\/div>\n\t\t\t\t<\/div>\n\t\t\t\t\t<\/div>\n\t\t<\/div>\n\t\t\t\t\t<\/div>\n\t\t<\/section>\n\t\t\t\t<\/div>","protected":false},"excerpt":{"rendered":"<p>Esta pol\u00edtica de privacidad establece c\u00f3mo\u00a0CrochetDreamers\u00a0utiliza y protege la informaci\u00f3n que proporciona a\u00a0CrochetDreamers\u00a0cuando utiliza este sitio web. CrochetDreamers\u00a0se compromete a garantizar que su privacidad est\u00e9 protegida. En caso de que le pidamos que proporcione cierta informaci\u00f3n mediante la cual pueda ser identificado al utilizar este sitio web, puede estar seguro<\/p>","protected":false},"author":1,"featured_media":0,"parent":0,"menu_order":0,"comment_status":"closed","ping_status":"closed","template":"","meta":{"footnotes":""},"class_list":["post-136","page","type-page","status-publish","hentry"],"_links":{"self":[{"href":"https:\/\/mariapiaundurraga.com\/en\/wp-json\/wp\/v2\/pages\/136","targetHints":{"allow":["GET"]}}],"collection":[{"href":"https:\/\/mariapiaundurraga.com\/en\/wp-json\/wp\/v2\/pages"}],"about":[{"href":"https:\/\/mariapiaundurraga.com\/en\/wp-json\/wp\/v2\/types\/page"}],"author":[{"embeddable":true,"href":"https:\/\/mariapiaundurraga.com\/en\/wp-json\/wp\/v2\/users\/1"}],"replies":[{"embeddable":true,"href":"https:\/\/mariapiaundurraga.com\/en\/wp-json\/wp\/v2\/comments?post=136"}],"version-history":[{"count":4,"href":"https:\/\/mariapiaundurraga.com\/en\/wp-json\/wp\/v2\/pages\/136\/revisions"}],"predecessor-version":[{"id":2206,"href":"https:\/\/mariapiaundurraga.com\/en\/wp-json\/wp\/v2\/pages\/136\/revisions\/2206"}],"wp:attachment":[{"href":"https:\/\/mariapiaundurraga.com\/en\/wp-json\/wp\/v2\/media?parent=136"}],"curies":[{"name":"wp","href":"https:\/\/api.w.org\/{rel}","templated":true}]}}