{"id":138,"date":"2019-05-22T19:25:28","date_gmt":"2019-05-22T19:25:28","guid":{"rendered":"https:\/\/200.wpmaniademos.com\/loan-officer\/?page_id=138"},"modified":"2024-04-15T15:28:14","modified_gmt":"2024-04-15T19:28:14","slug":"terms-and-conditions","status":"publish","type":"page","link":"https:\/\/mariapiaundurraga.com\/en\/terms-and-conditions\/","title":{"rendered":"Terminos y Condiciones"},"content":{"rendered":"<p align=\"justify\">Bienvenido a nuestro sitio web. Si contin\u00faa navegando y utilizando este sitio web, acepta cumplir y estar sujeto a los siguientes t\u00e9rminos y condiciones de uso, que junto con nuestra pol\u00edtica de privacidad rigen la relaci\u00f3n de <strong>CrochetDreamers<\/strong> con usted en relaci\u00f3n con este sitio web. Si no est\u00e1 de acuerdo con alguna parte de estos t\u00e9rminos y condiciones, no utilice nuestro sitio web.<\/p>\n\n\n<p align=\"justify\">El t\u00e9rmino <strong>CrochetDreamers<\/strong> se refiere al propietario del sitio web cuyo domicilio social es\u00a0Lonqu\u00e9n Norte 13.200, Casa 21, Condominio Santa Filomena, Calera de Tango. El n\u00famero de registro de nuestra empresa es\u00a0[en tr\u00e1mite]. El t\u00e9rmino &#8220;usted&#8221; se refiere al usuario o visitante de nuestro sitio web.<\/p>\n\n\n<p>El uso de este sitio web est\u00e1 sujeto a los siguientes t\u00e9rminos de uso:<\/p>\n\n\n<ul class=\"wp-block-list\">\n<li>El contenido de las p\u00e1ginas de este sitio web es solo para su informaci\u00f3n general y uso. Est\u00e1 sujeto a cambios sin previo aviso.<\/li>\n\n\n<li>Este sitio web utiliza cookies para monitorear las preferencias de navegaci\u00f3n. Si permite el uso de cookies, es posible que almacenemos la siguiente informaci\u00f3n personal para que la utilicen terceros.<\/li>\n\n\n<li>Ni nosotros ni ning\u00fan tercero brindamos ninguna garant\u00eda en cuanto a la precisi\u00f3n, puntualidad, rendimiento, integridad o idoneidad de la informaci\u00f3n y los materiales que se encuentran u ofrecen en este sitio web para un prop\u00f3sito particular. Usted reconoce que dicha informaci\u00f3n y materiales pueden contener inexactitudes o errores y excluimos expresamente la responsabilidad por tales inexactitudes o errores en la m\u00e1xima medida permitida por la ley.<\/li>\n\n\n<li>Su uso de cualquier informaci\u00f3n o material en este sitio web es bajo su propio riesgo, del cual no seremos responsables. Ser\u00e1 su propia responsabilidad asegurarse de que cualquier producto, servicio o informaci\u00f3n disponible a trav\u00e9s de este sitio web cumpla con sus requisitos espec\u00edficos.<\/li>\n\n\n<li>Este sitio web contiene material que es de nuestra propiedad o est\u00e1 licenciado para nosotros. Este material incluye, pero no se limita a, el dise\u00f1o, la presentaci\u00f3n, el aspecto, la apariencia y los gr\u00e1ficos. La reproducci\u00f3n est\u00e1 prohibida excepto de acuerdo con el aviso de derechos de autor, que forma parte de estos t\u00e9rminos y condiciones.<\/li>\n\n\n<li>Todas las marcas registradas reproducidas en este sitio web, que no son propiedad del operador ni est\u00e1n autorizadas para ello, se reconocen en el sitio web.<\/li>\n\n\n<li>El uso no autorizado de este sitio web puede dar lugar a una reclamaci\u00f3n por da\u00f1os y perjuicios y\/o ser un delito penal.<\/li>\n\n\n<li>De vez en cuando, este sitio web tambi\u00e9n puede incluir enlaces a otros sitios web. Estos enlaces se proporcionan para su conveniencia para proporcionar m\u00e1s informaci\u00f3n. No significan que respaldamos los sitios web. No tenemos ninguna responsabilidad por el contenido de los sitios web vinculados.<\/li>\n\n\n<li>Su uso de este sitio web y cualquier disputa que surja de dicho uso del sitio web est\u00e1 sujeto a las leyes de Santiago, Chile.<\/li>\n<\/ul>","protected":false},"excerpt":{"rendered":"<p>Bienvenido a nuestro sitio web. Si contin\u00faa navegando y utilizando este sitio web, acepta cumplir y estar sujeto a los siguientes t\u00e9rminos y condiciones de uso, que junto con nuestra pol\u00edtica de privacidad rigen la relaci\u00f3n de CrochetDreamers con usted en relaci\u00f3n con este sitio web. Si no est\u00e1 de<\/p>","protected":false},"author":1,"featured_media":0,"parent":0,"menu_order":0,"comment_status":"closed","ping_status":"closed","template":"","meta":{"footnotes":""},"class_list":["post-138","page","type-page","status-publish","hentry"],"_links":{"self":[{"href":"https:\/\/mariapiaundurraga.com\/en\/wp-json\/wp\/v2\/pages\/138","targetHints":{"allow":["GET"]}}],"collection":[{"href":"https:\/\/mariapiaundurraga.com\/en\/wp-json\/wp\/v2\/pages"}],"about":[{"href":"https:\/\/mariapiaundurraga.com\/en\/wp-json\/wp\/v2\/types\/page"}],"author":[{"embeddable":true,"href":"https:\/\/mariapiaundurraga.com\/en\/wp-json\/wp\/v2\/users\/1"}],"replies":[{"embeddable":true,"href":"https:\/\/mariapiaundurraga.com\/en\/wp-json\/wp\/v2\/comments?post=138"}],"version-history":[{"count":5,"href":"https:\/\/mariapiaundurraga.com\/en\/wp-json\/wp\/v2\/pages\/138\/revisions"}],"predecessor-version":[{"id":2203,"href":"https:\/\/mariapiaundurraga.com\/en\/wp-json\/wp\/v2\/pages\/138\/revisions\/2203"}],"wp:attachment":[{"href":"https:\/\/mariapiaundurraga.com\/en\/wp-json\/wp\/v2\/media?parent=138"}],"curies":[{"name":"wp","href":"https:\/\/api.w.org\/{rel}","templated":true}]}}