{"id":656,"date":"2020-07-27T06:54:24","date_gmt":"2020-07-27T06:54:24","guid":{"rendered":"https:\/\/d1.wpmaniademos.com\/crochet\/?page_id=656"},"modified":"2023-07-24T21:01:53","modified_gmt":"2023-07-24T21:01:53","slug":"classes-events","status":"publish","type":"page","link":"https:\/\/mariapiaundurraga.com\/en\/classes-events\/","title":{"rendered":"Clases"},"content":{"rendered":"<div data-elementor-type=\"wp-page\" data-elementor-id=\"656\" class=\"elementor elementor-656\" data-elementor-post-type=\"page\">\n\t\t\t\t\t\t<section class=\"elementor-section elementor-top-section elementor-element elementor-element-9975f01 elementor-section-boxed elementor-section-height-default elementor-section-height-default\" data-id=\"9975f01\" data-element_type=\"section\" data-settings=\"{&quot;background_background&quot;:&quot;classic&quot;}\">\n\t\t\t\t\t\t<div class=\"elementor-container elementor-column-gap-default\">\n\t\t\t\t\t<div class=\"elementor-column elementor-col-50 elementor-top-column elementor-element elementor-element-0147186\" data-id=\"0147186\" data-element_type=\"column\">\n\t\t\t<div class=\"elementor-widget-wrap\">\n\t\t\t\t\t\t\t<\/div>\n\t\t<\/div>\n\t\t\t\t<div class=\"elementor-column elementor-col-50 elementor-top-column elementor-element elementor-element-6e4675e\" data-id=\"6e4675e\" data-element_type=\"column\">\n\t\t\t<div class=\"elementor-widget-wrap elementor-element-populated\">\n\t\t\t\t\t\t<div class=\"elementor-element elementor-element-09ea6cc elementor-widget elementor-widget-heading\" data-id=\"09ea6cc\" data-element_type=\"widget\" data-widget_type=\"heading.default\">\n\t\t\t\t<div class=\"elementor-widget-container\">\n\t\t\t\t\t<h2 class=\"elementor-heading-title elementor-size-default\">Aprende conmigo...<\/h2>\t\t\t\t<\/div>\n\t\t\t\t<\/div>\n\t\t\t\t<div class=\"elementor-element elementor-element-d512bd6 elementor-widget elementor-widget-heading\" data-id=\"d512bd6\" data-element_type=\"widget\" data-widget_type=\"heading.default\">\n\t\t\t\t<div class=\"elementor-widget-container\">\n\t\t\t\t\t<h1 class=\"elementor-heading-title elementor-size-default\">Clases Particulares<\/h1>\t\t\t\t<\/div>\n\t\t\t\t<\/div>\n\t\t\t\t<div class=\"elementor-element elementor-element-6e9c716 elementor-widget-divider--view-line elementor-widget elementor-widget-divider\" data-id=\"6e9c716\" data-element_type=\"widget\" data-widget_type=\"divider.default\">\n\t\t\t\t<div class=\"elementor-widget-container\">\n\t\t\t\t\t\t\t<div class=\"elementor-divider\">\n\t\t\t<span class=\"elementor-divider-separator\">\n\t\t\t\t\t\t<\/span>\n\t\t<\/div>\n\t\t\t\t\t\t<\/div>\n\t\t\t\t<\/div>\n\t\t\t\t<div class=\"elementor-element elementor-element-62adf1b elementor-widget elementor-widget-text-editor\" data-id=\"62adf1b\" data-element_type=\"widget\" data-widget_type=\"text-editor.default\">\n\t\t\t\t<div class=\"elementor-widget-container\">\n\t\t\t\t\t\t\t\t\t<div align=\"justify\">Ofrezco clases particulares por un valor de $20.000 por hora + $15.000 por hora si traes otra persona adicional. Materiales <strong>no<\/strong> incluidos.<br>\nMe pueden enviar un email a clases@crochetdreamers.com y podemos programar el d\u00eda y hora. <strong>Estas clases tambi\u00e9n las podemos realizar en linea, v\u00eda &#8220;Zoom&#8221;<\/strong>.<\/div>\t\t\t\t\t\t\t\t<\/div>\n\t\t\t\t<\/div>\n\t\t\t\t\t<\/div>\n\t\t<\/div>\n\t\t\t\t\t<\/div>\n\t\t<\/section>\n\t\t\t\t<\/div>","protected":false},"excerpt":{"rendered":"<p>Aprende conmigo&#8230; Clases Particulares Ofrezco clases particulares por un valor de $20.000 por hora + $15.000 por hora si traes otra persona adicional. Materiales no incluidos. Me pueden enviar un email a clases@crochetdreamers.com y podemos programar el d\u00eda y hora. Estas clases tambi\u00e9n las podemos realizar en linea, v\u00eda &#8220;Zoom&#8221;.<\/p>","protected":false},"author":1,"featured_media":0,"parent":0,"menu_order":0,"comment_status":"closed","ping_status":"closed","template":"elementor_header_footer","meta":{"footnotes":""},"class_list":["post-656","page","type-page","status-publish","hentry"],"_links":{"self":[{"href":"https:\/\/mariapiaundurraga.com\/en\/wp-json\/wp\/v2\/pages\/656","targetHints":{"allow":["GET"]}}],"collection":[{"href":"https:\/\/mariapiaundurraga.com\/en\/wp-json\/wp\/v2\/pages"}],"about":[{"href":"https:\/\/mariapiaundurraga.com\/en\/wp-json\/wp\/v2\/types\/page"}],"author":[{"embeddable":true,"href":"https:\/\/mariapiaundurraga.com\/en\/wp-json\/wp\/v2\/users\/1"}],"replies":[{"embeddable":true,"href":"https:\/\/mariapiaundurraga.com\/en\/wp-json\/wp\/v2\/comments?post=656"}],"version-history":[{"count":10,"href":"https:\/\/mariapiaundurraga.com\/en\/wp-json\/wp\/v2\/pages\/656\/revisions"}],"predecessor-version":[{"id":1143,"href":"https:\/\/mariapiaundurraga.com\/en\/wp-json\/wp\/v2\/pages\/656\/revisions\/1143"}],"wp:attachment":[{"href":"https:\/\/mariapiaundurraga.com\/en\/wp-json\/wp\/v2\/media?parent=656"}],"curies":[{"name":"wp","href":"https:\/\/api.w.org\/{rel}","templated":true}]}}