{"id":1626,"date":"2023-08-06T14:46:05","date_gmt":"2023-08-06T14:46:05","guid":{"rendered":"https:\/\/mariapiaundurraga.com\/?post_type=product&#038;p=1626"},"modified":"2023-09-05T15:32:17","modified_gmt":"2023-09-05T18:32:17","slug":"chaleco-con-capuchon","status":"publish","type":"product","link":"https:\/\/mariapiaundurraga.com\/en\/product\/chaleco-con-capuchon\/","title":{"rendered":"Enterito con Capuch\u00f3n"},"content":{"rendered":"<p>Enterito con Capuch\u00f3n, tejido 100% algod\u00f3n arco\u00edris con botones de madera.<\/p>","protected":false},"excerpt":{"rendered":"<p>Enterito con Capuch\u00f3n, tejido 100% algod\u00f3n arco\u00edris con botones de madera.<\/p>","protected":false},"featured_media":1627,"comment_status":"open","ping_status":"closed","template":"","meta":[],"product_brand":[],"product_cat":[31],"product_tag":[61],"class_list":{"0":"post-1626","1":"product","2":"type-product","3":"status-publish","4":"has-post-thumbnail","6":"product_cat-coleccion-ninos","7":"product_tag-enterito-capuchon","8":"pa_tallas-infaltiles-3a6","9":"pa_vendidos-solo-vendidos","11":"first","12":"outofstock","13":"taxable","14":"shipping-taxable","15":"purchasable","16":"product-type-simple"},"_links":{"self":[{"href":"https:\/\/mariapiaundurraga.com\/en\/wp-json\/wp\/v2\/product\/1626","targetHints":{"allow":["GET"]}}],"collection":[{"href":"https:\/\/mariapiaundurraga.com\/en\/wp-json\/wp\/v2\/product"}],"about":[{"href":"https:\/\/mariapiaundurraga.com\/en\/wp-json\/wp\/v2\/types\/product"}],"replies":[{"embeddable":true,"href":"https:\/\/mariapiaundurraga.com\/en\/wp-json\/wp\/v2\/comments?post=1626"}],"wp:featuredmedia":[{"embeddable":true,"href":"https:\/\/mariapiaundurraga.com\/en\/wp-json\/wp\/v2\/media\/1627"}],"wp:attachment":[{"href":"https:\/\/mariapiaundurraga.com\/en\/wp-json\/wp\/v2\/media?parent=1626"}],"wp:term":[{"taxonomy":"product_brand","embeddable":true,"href":"https:\/\/mariapiaundurraga.com\/en\/wp-json\/wp\/v2\/product_brand?post=1626"},{"taxonomy":"product_cat","embeddable":true,"href":"https:\/\/mariapiaundurraga.com\/en\/wp-json\/wp\/v2\/product_cat?post=1626"},{"taxonomy":"product_tag","embeddable":true,"href":"https:\/\/mariapiaundurraga.com\/en\/wp-json\/wp\/v2\/product_tag?post=1626"}],"curies":[{"name":"wp","href":"https:\/\/api.w.org\/{rel}","templated":true}]}}