{"id":1710,"date":"2023-08-06T15:34:07","date_gmt":"2023-08-06T15:34:07","guid":{"rendered":"https:\/\/mariapiaundurraga.com\/?post_type=product&#038;p=1710"},"modified":"2023-08-23T20:06:43","modified_gmt":"2023-08-23T20:06:43","slug":"vestido","status":"publish","type":"product","link":"https:\/\/mariapiaundurraga.com\/en\/product\/vestido\/","title":{"rendered":"Vestido"},"content":{"rendered":"<p>Vestido canesu 100% tejido en algod\u00f3n franc\u00e9s hipoalerg\u00e9nico matizado con botones de perla en espalda y flor en parte frontal.<\/p>","protected":false},"excerpt":{"rendered":"<p>Vestido canesu 100% tejido en algod\u00f3n franc\u00e9s hipoalerg\u00e9nico matizado con botones de perla en espalda y flor en parte frontal.<\/p>","protected":false},"featured_media":1711,"comment_status":"open","ping_status":"closed","template":"","meta":[],"product_brand":[],"product_cat":[23,16],"product_tag":[47],"class_list":{"0":"post-1710","1":"product","2":"type-product","3":"status-publish","4":"has-post-thumbnail","6":"product_cat-coleccion-ninas","7":"product_cat-destacados","8":"product_tag-vestidos","9":"pa_tallas-infaltiles-2a3","11":"first","12":"instock","13":"taxable","14":"shipping-taxable","15":"purchasable","16":"product-type-simple"},"_links":{"self":[{"href":"https:\/\/mariapiaundurraga.com\/en\/wp-json\/wp\/v2\/product\/1710","targetHints":{"allow":["GET"]}}],"collection":[{"href":"https:\/\/mariapiaundurraga.com\/en\/wp-json\/wp\/v2\/product"}],"about":[{"href":"https:\/\/mariapiaundurraga.com\/en\/wp-json\/wp\/v2\/types\/product"}],"replies":[{"embeddable":true,"href":"https:\/\/mariapiaundurraga.com\/en\/wp-json\/wp\/v2\/comments?post=1710"}],"wp:featuredmedia":[{"embeddable":true,"href":"https:\/\/mariapiaundurraga.com\/en\/wp-json\/wp\/v2\/media\/1711"}],"wp:attachment":[{"href":"https:\/\/mariapiaundurraga.com\/en\/wp-json\/wp\/v2\/media?parent=1710"}],"wp:term":[{"taxonomy":"product_brand","embeddable":true,"href":"https:\/\/mariapiaundurraga.com\/en\/wp-json\/wp\/v2\/product_brand?post=1710"},{"taxonomy":"product_cat","embeddable":true,"href":"https:\/\/mariapiaundurraga.com\/en\/wp-json\/wp\/v2\/product_cat?post=1710"},{"taxonomy":"product_tag","embeddable":true,"href":"https:\/\/mariapiaundurraga.com\/en\/wp-json\/wp\/v2\/product_tag?post=1710"}],"curies":[{"name":"wp","href":"https:\/\/api.w.org\/{rel}","templated":true}]}}