{"id":1842,"date":"2023-08-07T14:12:52","date_gmt":"2023-08-07T14:12:52","guid":{"rendered":"https:\/\/mariapiaundurraga.com\/?post_type=product&#038;p=1842"},"modified":"2025-02-18T11:49:08","modified_gmt":"2025-02-18T14:49:08","slug":"chaqueton-adulto","status":"publish","type":"product","link":"https:\/\/mariapiaundurraga.com\/en\/product\/chaqueton-adulto\/","title":{"rendered":"Chaquet\u00f3n Adulto"},"content":{"rendered":"<p>Chaquet\u00f3n tejido en lana acr\u00edlica hipoalerg\u00e9nica sin botones para adulto, con punto burbuja en color naranjo.<\/p>","protected":false},"excerpt":{"rendered":"<p>Chaquet\u00f3n tejido en lana acr\u00edlica hipoalerg\u00e9nica sin botones para adulto, con punto burbuja en color naranjo.<\/p>","protected":false},"featured_media":1845,"comment_status":"open","ping_status":"closed","template":"","meta":[],"product_brand":[],"product_cat":[20],"product_tag":[52],"class_list":{"0":"post-1842","1":"product","2":"type-product","3":"status-publish","4":"has-post-thumbnail","6":"product_cat-coleccion-adultos","7":"product_tag-chaqueton","8":"pa_tallas-adultos-medium","9":"pa_vendidos-solo-vendidos","11":"first","12":"outofstock","13":"taxable","14":"shipping-taxable","15":"purchasable","16":"product-type-simple"},"_links":{"self":[{"href":"https:\/\/mariapiaundurraga.com\/en\/wp-json\/wp\/v2\/product\/1842","targetHints":{"allow":["GET"]}}],"collection":[{"href":"https:\/\/mariapiaundurraga.com\/en\/wp-json\/wp\/v2\/product"}],"about":[{"href":"https:\/\/mariapiaundurraga.com\/en\/wp-json\/wp\/v2\/types\/product"}],"replies":[{"embeddable":true,"href":"https:\/\/mariapiaundurraga.com\/en\/wp-json\/wp\/v2\/comments?post=1842"}],"wp:featuredmedia":[{"embeddable":true,"href":"https:\/\/mariapiaundurraga.com\/en\/wp-json\/wp\/v2\/media\/1845"}],"wp:attachment":[{"href":"https:\/\/mariapiaundurraga.com\/en\/wp-json\/wp\/v2\/media?parent=1842"}],"wp:term":[{"taxonomy":"product_brand","embeddable":true,"href":"https:\/\/mariapiaundurraga.com\/en\/wp-json\/wp\/v2\/product_brand?post=1842"},{"taxonomy":"product_cat","embeddable":true,"href":"https:\/\/mariapiaundurraga.com\/en\/wp-json\/wp\/v2\/product_cat?post=1842"},{"taxonomy":"product_tag","embeddable":true,"href":"https:\/\/mariapiaundurraga.com\/en\/wp-json\/wp\/v2\/product_tag?post=1842"}],"curies":[{"name":"wp","href":"https:\/\/api.w.org\/{rel}","templated":true}]}}