{"id":1967,"date":"2023-08-07T18:43:06","date_gmt":"2023-08-07T18:43:06","guid":{"rendered":"https:\/\/mariapiaundurraga.com\/?post_type=product&#038;p=1967"},"modified":"2023-08-23T20:06:49","modified_gmt":"2023-08-23T20:06:49","slug":"vestido-15","status":"publish","type":"product","link":"https:\/\/mariapiaundurraga.com\/en\/product\/vestido-15\/","title":{"rendered":"Vestido"},"content":{"rendered":"<p>Vestido 100% tejido en algod\u00f3n hipoalerg\u00e9nico color blanco amarillo con bot\u00f3n de perla en espalda y cinta en parte frontal.<\/p>","protected":false},"excerpt":{"rendered":"<p>Vestido 100% tejido en algod\u00f3n hipoalerg\u00e9nico color blanco amarillo con bot\u00f3n de perla en espalda y cinta en parte frontal.<\/p>","protected":false},"featured_media":1968,"comment_status":"open","ping_status":"closed","template":"","meta":[],"product_brand":[],"product_cat":[23,16],"product_tag":[47],"class_list":{"0":"post-1967","1":"product","2":"type-product","3":"status-publish","4":"has-post-thumbnail","6":"product_cat-coleccion-ninas","7":"product_cat-destacados","8":"product_tag-vestidos","9":"pa_tallas-infaltiles-0a3","11":"first","12":"instock","13":"taxable","14":"shipping-taxable","15":"purchasable","16":"product-type-simple"},"_links":{"self":[{"href":"https:\/\/mariapiaundurraga.com\/en\/wp-json\/wp\/v2\/product\/1967","targetHints":{"allow":["GET"]}}],"collection":[{"href":"https:\/\/mariapiaundurraga.com\/en\/wp-json\/wp\/v2\/product"}],"about":[{"href":"https:\/\/mariapiaundurraga.com\/en\/wp-json\/wp\/v2\/types\/product"}],"replies":[{"embeddable":true,"href":"https:\/\/mariapiaundurraga.com\/en\/wp-json\/wp\/v2\/comments?post=1967"}],"wp:featuredmedia":[{"embeddable":true,"href":"https:\/\/mariapiaundurraga.com\/en\/wp-json\/wp\/v2\/media\/1968"}],"wp:attachment":[{"href":"https:\/\/mariapiaundurraga.com\/en\/wp-json\/wp\/v2\/media?parent=1967"}],"wp:term":[{"taxonomy":"product_brand","embeddable":true,"href":"https:\/\/mariapiaundurraga.com\/en\/wp-json\/wp\/v2\/product_brand?post=1967"},{"taxonomy":"product_cat","embeddable":true,"href":"https:\/\/mariapiaundurraga.com\/en\/wp-json\/wp\/v2\/product_cat?post=1967"},{"taxonomy":"product_tag","embeddable":true,"href":"https:\/\/mariapiaundurraga.com\/en\/wp-json\/wp\/v2\/product_tag?post=1967"}],"curies":[{"name":"wp","href":"https:\/\/api.w.org\/{rel}","templated":true}]}}