{"id":2160,"date":"2023-08-23T21:37:49","date_gmt":"2023-08-23T21:37:49","guid":{"rendered":"https:\/\/mariapiaundurraga.com\/?post_type=product&#038;p=2160"},"modified":"2023-08-24T17:29:37","modified_gmt":"2023-08-24T21:29:37","slug":"chaqueton-con-capucha-4","status":"publish","type":"product","link":"https:\/\/mariapiaundurraga.com\/en\/product\/chaqueton-con-capucha-4\/","title":{"rendered":"Chaquet\u00f3n con Capucha"},"content":{"rendered":"<p>Chaquet\u00f3n con capucha 100% tejido en algod\u00f3n arco\u00edris con botones de fantasia.<\/p>","protected":false},"excerpt":{"rendered":"<p>Chaquet\u00f3n con capucha 100% tejido en algod\u00f3n arco\u00edris con botones de fantasia.<\/p>","protected":false},"featured_media":2162,"comment_status":"open","ping_status":"closed","template":"","meta":[],"product_brand":[],"product_cat":[23,16],"product_tag":[53],"class_list":{"0":"post-2160","1":"product","2":"type-product","3":"status-publish","4":"has-post-thumbnail","6":"product_cat-coleccion-ninas","7":"product_cat-destacados","8":"product_tag-chaqueton-capucha","9":"pa_tallas-infaltiles-3a6","11":"first","12":"instock","13":"taxable","14":"shipping-taxable","15":"purchasable","16":"product-type-simple"},"_links":{"self":[{"href":"https:\/\/mariapiaundurraga.com\/en\/wp-json\/wp\/v2\/product\/2160","targetHints":{"allow":["GET"]}}],"collection":[{"href":"https:\/\/mariapiaundurraga.com\/en\/wp-json\/wp\/v2\/product"}],"about":[{"href":"https:\/\/mariapiaundurraga.com\/en\/wp-json\/wp\/v2\/types\/product"}],"replies":[{"embeddable":true,"href":"https:\/\/mariapiaundurraga.com\/en\/wp-json\/wp\/v2\/comments?post=2160"}],"wp:featuredmedia":[{"embeddable":true,"href":"https:\/\/mariapiaundurraga.com\/en\/wp-json\/wp\/v2\/media\/2162"}],"wp:attachment":[{"href":"https:\/\/mariapiaundurraga.com\/en\/wp-json\/wp\/v2\/media?parent=2160"}],"wp:term":[{"taxonomy":"product_brand","embeddable":true,"href":"https:\/\/mariapiaundurraga.com\/en\/wp-json\/wp\/v2\/product_brand?post=2160"},{"taxonomy":"product_cat","embeddable":true,"href":"https:\/\/mariapiaundurraga.com\/en\/wp-json\/wp\/v2\/product_cat?post=2160"},{"taxonomy":"product_tag","embeddable":true,"href":"https:\/\/mariapiaundurraga.com\/en\/wp-json\/wp\/v2\/product_tag?post=2160"}],"curies":[{"name":"wp","href":"https:\/\/api.w.org\/{rel}","templated":true}]}}