{"id":2169,"date":"2023-08-23T21:47:27","date_gmt":"2023-08-23T21:47:27","guid":{"rendered":"https:\/\/mariapiaundurraga.com\/?post_type=product&#038;p=2169"},"modified":"2023-08-24T17:29:54","modified_gmt":"2023-08-24T21:29:54","slug":"chaleco-11","status":"publish","type":"product","link":"https:\/\/mariapiaundurraga.com\/en\/product\/chaleco-11\/","title":{"rendered":"Chaleco"},"content":{"rendered":"<p>Chaleco 100% tejido en algod\u00f3n hipoalerg\u00e9nico en t\u00e9cnica &#8220;GRANNY SQUARE&#8221; crochet con botones de colores.<\/p>","protected":false},"excerpt":{"rendered":"<p>Chaleco 100% tejido en algod\u00f3n hipoalerg\u00e9nico en t\u00e9cnica &#8220;GRANNY SQUARE&#8221; crochet con botones de colores.<\/p>","protected":false},"featured_media":2170,"comment_status":"open","ping_status":"closed","template":"","meta":[],"product_brand":[],"product_cat":[23,16],"product_tag":[48],"class_list":{"0":"post-2169","1":"product","2":"type-product","3":"status-publish","4":"has-post-thumbnail","6":"product_cat-coleccion-ninas","7":"product_cat-destacados","8":"product_tag-chalecos","9":"pa_tallas-infaltiles-6a7","11":"first","12":"instock","13":"taxable","14":"shipping-taxable","15":"purchasable","16":"product-type-simple"},"_links":{"self":[{"href":"https:\/\/mariapiaundurraga.com\/en\/wp-json\/wp\/v2\/product\/2169","targetHints":{"allow":["GET"]}}],"collection":[{"href":"https:\/\/mariapiaundurraga.com\/en\/wp-json\/wp\/v2\/product"}],"about":[{"href":"https:\/\/mariapiaundurraga.com\/en\/wp-json\/wp\/v2\/types\/product"}],"replies":[{"embeddable":true,"href":"https:\/\/mariapiaundurraga.com\/en\/wp-json\/wp\/v2\/comments?post=2169"}],"wp:featuredmedia":[{"embeddable":true,"href":"https:\/\/mariapiaundurraga.com\/en\/wp-json\/wp\/v2\/media\/2170"}],"wp:attachment":[{"href":"https:\/\/mariapiaundurraga.com\/en\/wp-json\/wp\/v2\/media?parent=2169"}],"wp:term":[{"taxonomy":"product_brand","embeddable":true,"href":"https:\/\/mariapiaundurraga.com\/en\/wp-json\/wp\/v2\/product_brand?post=2169"},{"taxonomy":"product_cat","embeddable":true,"href":"https:\/\/mariapiaundurraga.com\/en\/wp-json\/wp\/v2\/product_cat?post=2169"},{"taxonomy":"product_tag","embeddable":true,"href":"https:\/\/mariapiaundurraga.com\/en\/wp-json\/wp\/v2\/product_tag?post=2169"}],"curies":[{"name":"wp","href":"https:\/\/api.w.org\/{rel}","templated":true}]}}